{"id":49,"date":"2021-02-03T16:42:53","date_gmt":"2021-02-03T15:42:53","guid":{"rendered":"https:\/\/szop.ekosystem.wroc.pl\/strona-glowna\/"},"modified":"2022-06-09T18:24:53","modified_gmt":"2022-06-09T16:24:53","slug":"strona-glowna","status":"publish","type":"page","link":"https:\/\/szop.ekosystem.wroc.pl\/uk\/","title":{"rendered":"Strona G\u0142\u00f3wna"},"content":{"rendered":"<div class=\"mceContentBody mceFrontEnd default\"><\/div>","protected":false},"excerpt":{"rendered":"","protected":false},"author":1,"featured_media":0,"parent":0,"menu_order":0,"comment_status":"closed","ping_status":"closed","template":"","meta":{"_acf_changed":false,"footnotes":""},"class_list":["post-49","page","type-page","status-publish","hentry"],"acf":[],"yoast_head":"<!-- This site is optimized with the Yoast SEO plugin v27.2 - https:\/\/yoast.com\/product\/yoast-seo-wordpress\/ -->\n<title>Mapa podstawie\u0144 SZOP-a | Ekosystem Wroc\u0142aw<\/title>\n<meta name=\"description\" content=\"SZOP to bus, kt\u00f3ry bezp\u0142atnie odbiera niekt\u00f3re odpady 2 razy w miesi\u0105cu na Twoim osiedlu! Sprawd\u017a termin postoju SZOP w swojej okolicy i oddaj ma\u0142e RTV\/AGD, baterie, oleje, farby, etc.\" \/>\n<meta name=\"robots\" content=\"index, follow, max-snippet:-1, max-image-preview:large, max-video-preview:-1\" \/>\n<link rel=\"canonical\" href=\"https:\/\/szop.ekosystem.wroc.pl\/uk\/\" \/>\n<meta property=\"og:locale\" content=\"uk_UA\" \/>\n<meta property=\"og:type\" content=\"article\" \/>\n<meta property=\"og:title\" content=\"Mapa podstawie\u0144 SZOP-a | Ekosystem Wroc\u0142aw\" \/>\n<meta property=\"og:description\" content=\"SZOP to bus, kt\u00f3ry bezp\u0142atnie odbiera niekt\u00f3re odpady 2 razy w miesi\u0105cu na Twoim osiedlu! Sprawd\u017a termin postoju SZOP w swojej okolicy i oddaj ma\u0142e RTV\/AGD, baterie, oleje, farby, etc.\" \/>\n<meta property=\"og:url\" content=\"https:\/\/szop.ekosystem.wroc.pl\/uk\/\" \/>\n<meta property=\"og:site_name\" content=\"Ekosystem SZOP\" \/>\n<meta property=\"article:modified_time\" content=\"2022-06-09T16:24:53+00:00\" \/>\n<meta name=\"twitter:card\" content=\"summary_large_image\" \/>\n<script type=\"application\/ld+json\" class=\"yoast-schema-graph\">{\"@context\":\"https:\/\/schema.org\",\"@graph\":[{\"@type\":\"WebPage\",\"@id\":\"https:\/\/szop.ekosystem.wroc.pl\/uk\/\",\"url\":\"https:\/\/szop.ekosystem.wroc.pl\/uk\/\",\"name\":\"Mapa podstawie\u0144 SZOP-a | Ekosystem Wroc\u0142aw\",\"isPartOf\":{\"@id\":\"https:\/\/szop.ekosystem.wroc.pl\/#website\"},\"datePublished\":\"2021-02-03T15:42:53+00:00\",\"dateModified\":\"2022-06-09T16:24:53+00:00\",\"description\":\"SZOP to bus, kt\u00f3ry bezp\u0142atnie odbiera niekt\u00f3re odpady 2 razy w miesi\u0105cu na Twoim osiedlu! Sprawd\u017a termin postoju SZOP w swojej okolicy i oddaj ma\u0142e RTV\/AGD, baterie, oleje, farby, etc.\",\"breadcrumb\":{\"@id\":\"https:\/\/szop.ekosystem.wroc.pl\/uk\/#breadcrumb\"},\"inLanguage\":\"uk\",\"potentialAction\":[{\"@type\":\"ReadAction\",\"target\":[\"https:\/\/szop.ekosystem.wroc.pl\/uk\/\"]}]},{\"@type\":\"BreadcrumbList\",\"@id\":\"https:\/\/szop.ekosystem.wroc.pl\/uk\/#breadcrumb\",\"itemListElement\":[{\"@type\":\"ListItem\",\"position\":1,\"name\":\"Strona g\u0142\u00f3wna\",\"item\":\"https:\/\/szop.ekosystem.wroc.pl\/uk\/\"},{\"@type\":\"ListItem\",\"position\":2,\"name\":\"Strona G\u0142\u00f3wna\"}]},{\"@type\":\"WebSite\",\"@id\":\"https:\/\/szop.ekosystem.wroc.pl\/#website\",\"url\":\"https:\/\/szop.ekosystem.wroc.pl\/\",\"name\":\"Ekosystem SZOP\",\"description\":\"Kolejna witryna oparta na WordPressie\",\"potentialAction\":[{\"@type\":\"SearchAction\",\"target\":{\"@type\":\"EntryPoint\",\"urlTemplate\":\"https:\/\/szop.ekosystem.wroc.pl\/?s={search_term_string}\"},\"query-input\":{\"@type\":\"PropertyValueSpecification\",\"valueRequired\":true,\"valueName\":\"search_term_string\"}}],\"inLanguage\":\"uk\"}]}<\/script>\n<!-- \/ Yoast SEO plugin. -->","yoast_head_json":{"title":"Mapa podstawie\u0144 SZOP-a | Ekosystem Wroc\u0142aw","description":"SZOP to bus, kt\u00f3ry bezp\u0142atnie odbiera niekt\u00f3re odpady 2 razy w miesi\u0105cu na Twoim osiedlu! Sprawd\u017a termin postoju SZOP w swojej okolicy i oddaj ma\u0142e RTV\/AGD, baterie, oleje, farby, etc.","robots":{"index":"index","follow":"follow","max-snippet":"max-snippet:-1","max-image-preview":"max-image-preview:large","max-video-preview":"max-video-preview:-1"},"canonical":"https:\/\/szop.ekosystem.wroc.pl\/uk\/","og_locale":"uk_UA","og_type":"article","og_title":"Mapa podstawie\u0144 SZOP-a | Ekosystem Wroc\u0142aw","og_description":"SZOP to bus, kt\u00f3ry bezp\u0142atnie odbiera niekt\u00f3re odpady 2 razy w miesi\u0105cu na Twoim osiedlu! Sprawd\u017a termin postoju SZOP w swojej okolicy i oddaj ma\u0142e RTV\/AGD, baterie, oleje, farby, etc.","og_url":"https:\/\/szop.ekosystem.wroc.pl\/uk\/","og_site_name":"Ekosystem SZOP","article_modified_time":"2022-06-09T16:24:53+00:00","twitter_card":"summary_large_image","schema":{"@context":"https:\/\/schema.org","@graph":[{"@type":"WebPage","@id":"https:\/\/szop.ekosystem.wroc.pl\/uk\/","url":"https:\/\/szop.ekosystem.wroc.pl\/uk\/","name":"Mapa podstawie\u0144 SZOP-a | Ekosystem Wroc\u0142aw","isPartOf":{"@id":"https:\/\/szop.ekosystem.wroc.pl\/#website"},"datePublished":"2021-02-03T15:42:53+00:00","dateModified":"2022-06-09T16:24:53+00:00","description":"SZOP to bus, kt\u00f3ry bezp\u0142atnie odbiera niekt\u00f3re odpady 2 razy w miesi\u0105cu na Twoim osiedlu! Sprawd\u017a termin postoju SZOP w swojej okolicy i oddaj ma\u0142e RTV\/AGD, baterie, oleje, farby, etc.","breadcrumb":{"@id":"https:\/\/szop.ekosystem.wroc.pl\/uk\/#breadcrumb"},"inLanguage":"uk","potentialAction":[{"@type":"ReadAction","target":["https:\/\/szop.ekosystem.wroc.pl\/uk\/"]}]},{"@type":"BreadcrumbList","@id":"https:\/\/szop.ekosystem.wroc.pl\/uk\/#breadcrumb","itemListElement":[{"@type":"ListItem","position":1,"name":"Strona g\u0142\u00f3wna","item":"https:\/\/szop.ekosystem.wroc.pl\/uk\/"},{"@type":"ListItem","position":2,"name":"Strona G\u0142\u00f3wna"}]},{"@type":"WebSite","@id":"https:\/\/szop.ekosystem.wroc.pl\/#website","url":"https:\/\/szop.ekosystem.wroc.pl\/","name":"Ekosystem SZOP","description":"Kolejna witryna oparta na WordPressie","potentialAction":[{"@type":"SearchAction","target":{"@type":"EntryPoint","urlTemplate":"https:\/\/szop.ekosystem.wroc.pl\/?s={search_term_string}"},"query-input":{"@type":"PropertyValueSpecification","valueRequired":true,"valueName":"search_term_string"}}],"inLanguage":"uk"}]}},"_links":{"self":[{"href":"https:\/\/szop.ekosystem.wroc.pl\/uk\/wp-json\/wp\/v2\/pages\/49","targetHints":{"allow":["GET"]}}],"collection":[{"href":"https:\/\/szop.ekosystem.wroc.pl\/uk\/wp-json\/wp\/v2\/pages"}],"about":[{"href":"https:\/\/szop.ekosystem.wroc.pl\/uk\/wp-json\/wp\/v2\/types\/page"}],"author":[{"embeddable":true,"href":"https:\/\/szop.ekosystem.wroc.pl\/uk\/wp-json\/wp\/v2\/users\/1"}],"replies":[{"embeddable":true,"href":"https:\/\/szop.ekosystem.wroc.pl\/uk\/wp-json\/wp\/v2\/comments?post=49"}],"version-history":[{"count":2,"href":"https:\/\/szop.ekosystem.wroc.pl\/uk\/wp-json\/wp\/v2\/pages\/49\/revisions"}],"predecessor-version":[{"id":52,"href":"https:\/\/szop.ekosystem.wroc.pl\/uk\/wp-json\/wp\/v2\/pages\/49\/revisions\/52"}],"wp:attachment":[{"href":"https:\/\/szop.ekosystem.wroc.pl\/uk\/wp-json\/wp\/v2\/media?parent=49"}],"curies":[{"name":"wp","href":"https:\/\/api.w.org\/{rel}","templated":true}]}}